{"id":1199,"date":"2016-03-07T00:27:21","date_gmt":"2016-03-06T23:27:21","guid":{"rendered":"https:\/\/fernand-schwarz.asbl.foodle.co\/itinerario\/travaux-de-recherche\/"},"modified":"2023-04-07T17:20:57","modified_gmt":"2023-04-07T15:20:57","slug":"travaux-de-recherche","status":"publish","type":"page","link":"https:\/\/fernand-schwarz.fr\/es\/itinerario\/travaux-de-recherche\/","title":{"rendered":"Travaux de recherche"},"content":{"rendered":"\n<style type=\"text\/css\" data-created_by=\"avia_inline_auto\" id=\"style-css-av-av_section-275ce509a53f8da3e81e76e9b8eb217c\">\n.avia-section.av-av_section-275ce509a53f8da3e81e76e9b8eb217c{\nbackground-repeat:no-repeat;\nbackground-image:url(https:\/\/fernand-schwarz.fr\/wp-content\/uploads\/sites\/15\/2020\/11\/cropped-Fernand-Schwarz-Egypte-Banniere.jpg);\nbackground-position:50% 50%;\nbackground-attachment:scroll;\n}\n<\/style>\n<div id='av_section_1'  class='avia-section av-av_section-275ce509a53f8da3e81e76e9b8eb217c main_color avia-section-default avia-no-border-styling  avia-builder-el-0  el_before_av_section  avia-builder-el-first  avia-full-stretch avia-bg-style-scroll av-minimum-height av-minimum-height-custom av-height-custom  container_wrap fullsize'  data-section-bg-repeat='stretch' data-av_minimum_height_px='350'><div class='container av-section-cont-open' style='height:350px'><main  role=\"main\" itemprop=\"mainContentOfPage\"  class='template-page content  av-content-full alpha units'><div class='post-entry post-entry-type-page post-entry-1199'><div class='entry-content-wrapper clearfix'>\n<\/div><\/div><\/main><!-- close content main element --><\/div><\/div><div id='av_section_2'  class='avia-section av-av_section-f716ba51e7bf82947c918c6ed882cb73 main_color avia-section-default avia-no-border-styling  avia-builder-el-1  el_after_av_section  avia-builder-el-last  avia-bg-style-scroll container_wrap fullsize'  ><div class='container av-section-cont-open' ><div class='template-page content  av-content-full alpha units'><div class='post-entry post-entry-type-page post-entry-1199'><div class='entry-content-wrapper clearfix'>\n\n<style type=\"text\/css\" data-created_by=\"avia_inline_auto\" id=\"style-css-av-av_one_full-907ecd7047394f4946d3756c9c17f364\">\n#top .flex_column.av-av_one_full-907ecd7047394f4946d3756c9c17f364{\nmargin-top:0px;\nmargin-bottom:0px;\n}\n.flex_column.av-av_one_full-907ecd7047394f4946d3756c9c17f364{\nwidth:100%;\npadding:0 0 0 0;\n}\n.responsive #top #wrap_all .flex_column.av-av_one_full-907ecd7047394f4946d3756c9c17f364{\nmargin-top:0px;\nmargin-bottom:0px;\n}\n<\/style>\n<div  class='flex_column av-av_one_full-907ecd7047394f4946d3756c9c17f364 av_one_full  avia-builder-el-2  el_before_av_one_full  avia-builder-el-first  first flex_column_div av-zero-column-padding  '     ><style type=\"text\/css\" data-created_by=\"avia_inline_auto\" id=\"style-css-av-lg59ztoo-62ff55abb377a9f3c12a94144f274e69\">\n#top .av-special-heading.av-lg59ztoo-62ff55abb377a9f3c12a94144f274e69{\npadding-bottom:10px;\n}\nbody .av-special-heading.av-lg59ztoo-62ff55abb377a9f3c12a94144f274e69 .av-special-heading-tag .heading-char{\nfont-size:25px;\n}\n.av-special-heading.av-lg59ztoo-62ff55abb377a9f3c12a94144f274e69 .av-subheading{\nfont-size:15px;\n}\n<\/style>\n<div  class='av-special-heading av-lg59ztoo-62ff55abb377a9f3c12a94144f274e69 av-special-heading-h1 blockquote modern-quote  avia-builder-el-3  avia-builder-el-no-sibling '><h1 class='av-special-heading-tag '  itemprop=\"headline\"  >Travaux de recherche<\/h1><div class=\"special-heading-border\"><div class=\"special-heading-inner-border\"><\/div><\/div><\/div><\/div><div  class='flex_column av-av_one_full-7714eba142aeda1f8b5272a3c372b279 av_one_full  avia-builder-el-4  el_after_av_one_full  el_before_av_two_third  first flex_column_div  column-top-margin'     ><section  class='av_textblock_section av-lg5a0lz1-21436487891adc6195bd1e97bf507d26 '   itemscope=\"itemscope\" itemtype=\"https:\/\/schema.org\/CreativeWork\" ><div class='avia_textblock'  itemprop=\"text\" ><h3>2011\/2015<\/h3>\n<h4>Voyage d\u2019Etudes au Guatemala :<\/h4>\n<ul>\n<li>Investigations et recherches sur deux sites de l\u2019\u00e9poque post classique Maya de Mixco Viyo et Ixinich\u00e9<\/li>\n<li>Conf\u00e9rence organis\u00e9e par l\u2019Institut Herm\u00e8s : \u00ab le monde Maya \u00bb<\/li>\n<\/ul>\n<\/div><\/section><\/div><div  class='flex_column av-av_two_third-7714eba142aeda1f8b5272a3c372b279 av_two_third  avia-builder-el-6  el_after_av_one_full  el_before_av_one_third  first flex_column_div  column-top-margin'     ><section  class='av_textblock_section av-lg5a11i2-66edea4e2ce052d98805cdf9809898e0 '   itemscope=\"itemscope\" itemtype=\"https:\/\/schema.org\/CreativeWork\" ><div class='avia_textblock'  itemprop=\"text\" ><h4>Stages dispens\u00e9s en Equateur :<\/h4>\n<ul>\n<li>\u00ab La pratique de la concentration dans le Bouddhisme Tib\u00e9tain \u00bb<\/li>\n<li>\u00ab L\u2019homme symbolique, le nouvel esprit anthropologique \u00bb. Nouvelle formes de management et nouvelles entreprises ; Management par les valeurs<\/li>\n<\/ul>\n<h4>Anthropologie du Sacr\u00e9<\/h4>\n<p>Stage de pal\u00e9o-anthropologie sur le site de Atapuerca (Espagne). L\u2019art pal\u00e9olithique<\/p>\n<p>Investigation et recherches sur le site arch\u00e9ologique de Gobekli Tepe (Turquie)<\/p>\n<\/div><\/section><\/div><div  class='flex_column av-av_one_third-3a88e455daa0966859241820a0216086 av_one_third  avia-builder-el-8  el_after_av_two_third  el_before_av_one_third  flex_column_div  column-top-margin'     ><style type=\"text\/css\" data-created_by=\"avia_inline_auto\" id=\"style-css-av-lg5a1izy-b58dfdae80a293ae667f0c5c16cb0f23\">\n.avia-image-container.av-lg5a1izy-b58dfdae80a293ae667f0c5c16cb0f23 img.avia_image{\nbox-shadow:none;\n}\n.avia-image-container.av-lg5a1izy-b58dfdae80a293ae667f0c5c16cb0f23 .av-image-caption-overlay-center{\ncolor:#ffffff;\n}\n<\/style>\n<div  class='avia-image-container av-lg5a1izy-b58dfdae80a293ae667f0c5c16cb0f23 av-styling- av-img-linked avia-align-center  avia-builder-el-9  avia-builder-el-no-sibling '   itemprop=\"image\" itemscope=\"itemscope\" itemtype=\"https:\/\/schema.org\/ImageObject\" ><div class=\"avia-image-container-inner\"><div class=\"avia-image-overlay-wrap\"><a href=\"https:\/\/fernand-schwarz.fr\/wp-content\/uploads\/sites\/15\/2016\/05\/FS-conference-diriger-par-valeurs.jpg\" data-srcset=\"https:\/\/fernand-schwarz.fr\/wp-content\/uploads\/sites\/15\/2016\/05\/FS-conference-diriger-par-valeurs.jpg 533w, https:\/\/fernand-schwarz.fr\/wp-content\/uploads\/sites\/15\/2016\/05\/FS-conference-diriger-par-valeurs-300x225.jpg 300w\" data-sizes=\"(max-width: 533px) 100vw, 533px\" class='avia_image '  aria-label='Conf\u00e9rence diriger par les valeurs'><img decoding=\"async\" fetchpriority=\"high\" class='wp-image-1005 avia-img-lazy-loading-not-1005 avia_image ' src=\"https:\/\/fernand-schwarz.fr\/wp-content\/uploads\/sites\/15\/2016\/05\/FS-conference-diriger-par-valeurs-300x225.jpg\" alt='' title='Conf\u00e9rence diriger par les valeurs'  height=\"225\" width=\"300\"  itemprop=\"thumbnailUrl\" srcset=\"https:\/\/fernand-schwarz.fr\/wp-content\/uploads\/sites\/15\/2016\/05\/FS-conference-diriger-par-valeurs-300x225.jpg 300w, https:\/\/fernand-schwarz.fr\/wp-content\/uploads\/sites\/15\/2016\/05\/FS-conference-diriger-par-valeurs.jpg 533w\" sizes=\"(max-width: 300px) 100vw, 300px\" \/><\/a><\/div><\/div><\/div><\/div><div class='flex_column_table av-av_one_third-76c5003803e21927780db46ca051d108 sc-av_one_third av-equal-height-column-flextable'><div  class='flex_column av-av_one_third-76c5003803e21927780db46ca051d108 av_one_third  avia-builder-el-10  el_after_av_one_third  el_before_av_two_third  first flex_column_table_cell av-equal-height-column av-align-middle  column-top-margin'     ><style type=\"text\/css\" data-created_by=\"avia_inline_auto\" id=\"style-css-av-lg5a29vt-7a2aad9cc48a9ab60b70c93c58a1e82f\">\n.avia-image-container.av-lg5a29vt-7a2aad9cc48a9ab60b70c93c58a1e82f img.avia_image{\nbox-shadow:none;\n}\n.avia-image-container.av-lg5a29vt-7a2aad9cc48a9ab60b70c93c58a1e82f .av-image-caption-overlay-center{\ncolor:#ffffff;\n}\n<\/style>\n<div  class='avia-image-container av-lg5a29vt-7a2aad9cc48a9ab60b70c93c58a1e82f av-styling- av-img-linked avia-align-center  avia-builder-el-11  avia-builder-el-no-sibling '   itemprop=\"image\" itemscope=\"itemscope\" itemtype=\"https:\/\/schema.org\/ImageObject\" ><div class=\"avia-image-container-inner\"><div class=\"avia-image-overlay-wrap\"><a href=\"https:\/\/fernand-schwarz.fr\/wp-content\/uploads\/sites\/15\/2016\/05\/pharaon-5-Maisons-de-vie.png\" data-srcset=\"https:\/\/fernand-schwarz.fr\/wp-content\/uploads\/sites\/15\/2016\/05\/pharaon-5-Maisons-de-vie.png 711w, https:\/\/fernand-schwarz.fr\/wp-content\/uploads\/sites\/15\/2016\/05\/pharaon-5-Maisons-de-vie-300x195.png 300w, https:\/\/fernand-schwarz.fr\/wp-content\/uploads\/sites\/15\/2016\/05\/pharaon-5-Maisons-de-vie-705x459.png 705w\" data-sizes=\"(max-width: 711px) 100vw, 711px\" class='avia_image '  aria-label='Pharaon n\u00b05 - Maisons de vie'><img decoding=\"async\" fetchpriority=\"high\" class='wp-image-1007 avia-img-lazy-loading-not-1007 avia_image ' src=\"https:\/\/fernand-schwarz.fr\/wp-content\/uploads\/sites\/15\/2016\/05\/pharaon-5-Maisons-de-vie-300x195.png\" alt='' title='Pharaon n\u00b05 - Maisons de vie'  height=\"195\" width=\"300\"  itemprop=\"thumbnailUrl\" srcset=\"https:\/\/fernand-schwarz.fr\/wp-content\/uploads\/sites\/15\/2016\/05\/pharaon-5-Maisons-de-vie-300x195.png 300w, https:\/\/fernand-schwarz.fr\/wp-content\/uploads\/sites\/15\/2016\/05\/pharaon-5-Maisons-de-vie-705x459.png 705w, https:\/\/fernand-schwarz.fr\/wp-content\/uploads\/sites\/15\/2016\/05\/pharaon-5-Maisons-de-vie.png 711w\" sizes=\"(max-width: 300px) 100vw, 300px\" \/><\/a><\/div><\/div><\/div><\/div><div class='av-flex-placeholder'><\/div><div  class='flex_column av-av_two_third-f1c518e9ff58e869f80c8f093487abc9 av_two_third  avia-builder-el-12  el_after_av_one_third  el_before_av_one_full  flex_column_table_cell av-equal-height-column av-align-middle  column-top-margin'     ><section  class='av_textblock_section av-lg5a2viq-50a5f8118abf48dd79dc6748164c7556 '   itemscope=\"itemscope\" itemtype=\"https:\/\/schema.org\/CreativeWork\" ><div class='avia_textblock'  itemprop=\"text\" ><h4>Revue Pharaon Magazine de l\u2019Egypte \u00e9ternelle<\/h4>\n<ul>\n<li>Arch\u00e9o-astronomie et orientation des temples de l\u2019Egypte antique (n\u00b08)<\/li>\n<li>La momification en Egypte et la conception de la nouvelle personnalit\u00e9 du d\u00e9funt dans l\u2019au-del\u00e0<\/li>\n<li>Les origines archa\u00efques de la r\u00e9surrection et l\u2019\u00e9nigme de Tekenu<\/li>\n<li>Les 12 heures de la nuit et le livre du monde souterrain (n\u00b06 &amp;7)<\/li>\n<li>Les maisons de vie, mod\u00e8le du monde (n\u00b05)<\/li>\n<li>La vall\u00e9e des Reines et la grotte sacr\u00e9e d\u2019Hathor (n\u00b04)<\/li>\n<li>Deir El Medineh : la cit\u00e9 des artisans des tombes royales (n\u00b03)<\/li>\n<li>La g\u00e9ographie sacr\u00e9e : pour comprendre les monuments et les villes de l\u2019Egypte antique (n\u00b02)<\/li>\n<li>La sexualit\u00e9 divine et le r\u00f4le de la f\u00e9minit\u00e9 dans l\u2019Egypte pharaonique (HSn\u00b04)<\/li>\n<li>Les pyramides : un itin\u00e9raire symbolique du voyage dans l\u2019au-del\u00e0 (HSn\u00b07)<\/li>\n<\/ul>\n<\/div><\/section><\/div><\/div><!--close column table wrapper. Autoclose: 1 --><div  class='flex_column av-av_one_full-7714eba142aeda1f8b5272a3c372b279 av_one_full  avia-builder-el-14  el_after_av_two_third  avia-builder-el-last  first flex_column_div  column-top-margin'     ><section  class='av_textblock_section av-lg5a3cl1-f005ab882a08e15ec63f764ef00af9e9 '   itemscope=\"itemscope\" itemtype=\"https:\/\/schema.org\/CreativeWork\" ><div class='avia_textblock'  itemprop=\"text\" ><h3>2008<\/h3>\n<h4>Revue Hablemos claro<\/h4>\n<ul>\n<li>\u00ab Mayas et Egyptiens, unis par la croix de vie \u00bb<\/li>\n<\/ul>\n<h3>2003<\/h3>\n<h4>Revue des 3 mondes<\/h4>\n<ul>\n<li>\u00ab La cath\u00e9drale : un parcours symbolique \u00bb<\/li>\n<\/ul>\n<h3>  1986\/1987\/1991<\/h3>\n<h4>Directeur des Cahiers de recherches Homo Religiosus (Editions N.A.D.P.)<\/h4>\n<ul>\n<li>La symbolique des Cath\u00e9drales 1986 (\u00e9dit\u00e9 en Espagne)<\/li>\n<li>Mircea Eliade, dialogues avec le sacr\u00e9, 1987 (\u00e9dit\u00e9 en portugais)<\/li>\n<li>Le sacr\u00e9 au Tibet, 1987<\/li>\n<li>Giordano Bruno, 1991<\/li>\n<\/ul>\n<h3>1991<\/h3>\n<p>L\u2019homme religieux et le sacr\u00e9 dans la religion de l\u2019Egypte pharaonique, dans le Trait\u00e9 d\u2019Anthropologie religieuse, vol. III, Editions Jaca Book \u2013 Milan, Italie<\/p>\n<h3>1989<\/h3>\n<p>\u00ab Edfou, le temple du faucon divin \u00bb, Revue Nouvelles Cl\u00e9s<\/p>\n<h3>1988<\/h3>\n<h4>Direction du num\u00e9ro sur Le Lieu du Temple, Collection \u00ab Question de \u00bb chez Albin Michel, dont r\u00e9daction des articles suivants :<\/h4>\n<ul>\n<li>La G\u00e9ographie sacr\u00e9e, lien dynamique entre ciel et terre<\/li>\n<li>Thot, dieu de la g\u00e9ographie sacr\u00e9e en Egypte<\/li>\n<li>L\u2019Egypte, miroir du Ciel<\/li>\n<li>L\u2019Axe du monde et la symbolique des points cardinaux<\/li>\n<\/ul>\n<p>L\u2019id\u00e9e et le symbole dans la Revue de l\u2019Institut Jung de Buenos Aires<\/p>\n<h3>1987<\/h3>\n<p>La symbolique du sarcophage maya de Palenque, dans la Revue Connaissance des Religions<\/p>\n<\/div><\/section><\/div>\n","protected":false},"excerpt":{"rendered":"","protected":false},"author":134,"featured_media":0,"parent":1149,"menu_order":0,"comment_status":"closed","ping_status":"closed","template":"","meta":{"footnotes":""},"class_list":["post-1199","page","type-page","status-publish","hentry"],"_links":{"self":[{"href":"https:\/\/fernand-schwarz.fr\/es\/wp-json\/wp\/v2\/pages\/1199","targetHints":{"allow":["GET"]}}],"collection":[{"href":"https:\/\/fernand-schwarz.fr\/es\/wp-json\/wp\/v2\/pages"}],"about":[{"href":"https:\/\/fernand-schwarz.fr\/es\/wp-json\/wp\/v2\/types\/page"}],"author":[{"embeddable":true,"href":"https:\/\/fernand-schwarz.fr\/es\/wp-json\/wp\/v2\/users\/134"}],"replies":[{"embeddable":true,"href":"https:\/\/fernand-schwarz.fr\/es\/wp-json\/wp\/v2\/comments?post=1199"}],"version-history":[{"count":1,"href":"https:\/\/fernand-schwarz.fr\/es\/wp-json\/wp\/v2\/pages\/1199\/revisions"}],"predecessor-version":[{"id":1200,"href":"https:\/\/fernand-schwarz.fr\/es\/wp-json\/wp\/v2\/pages\/1199\/revisions\/1200"}],"up":[{"embeddable":true,"href":"https:\/\/fernand-schwarz.fr\/es\/wp-json\/wp\/v2\/pages\/1149"}],"wp:attachment":[{"href":"https:\/\/fernand-schwarz.fr\/es\/wp-json\/wp\/v2\/media?parent=1199"}],"curies":[{"name":"wp","href":"https:\/\/api.w.org\/{rel}","templated":true}]}}