{"id":1179,"date":"2016-03-06T18:37:24","date_gmt":"2016-03-06T17:37:24","guid":{"rendered":"https:\/\/fernand-schwarz.asbl.foodle.co\/galerias\/imagenes\/"},"modified":"2023-04-07T17:15:22","modified_gmt":"2023-04-07T15:15:22","slug":"imagenes","status":"publish","type":"page","link":"https:\/\/fernand-schwarz.fr\/es\/galerias\/imagenes\/","title":{"rendered":"Im\u00e1genes"},"content":{"rendered":"\n<style type=\"text\/css\" data-created_by=\"avia_inline_auto\" id=\"style-css-av-av_section-275ce509a53f8da3e81e76e9b8eb217c\">\n.avia-section.av-av_section-275ce509a53f8da3e81e76e9b8eb217c{\nbackground-repeat:no-repeat;\nbackground-image:url(https:\/\/fernand-schwarz.fr\/wp-content\/uploads\/sites\/15\/2020\/11\/cropped-Fernand-Schwarz-Egypte-Banniere.jpg);\nbackground-position:50% 50%;\nbackground-attachment:scroll;\n}\n<\/style>\n<div id='av_section_1'  class='avia-section av-av_section-275ce509a53f8da3e81e76e9b8eb217c main_color avia-section-default avia-no-border-styling  avia-builder-el-0  el_before_av_section  avia-builder-el-first  avia-full-stretch avia-bg-style-scroll av-minimum-height av-minimum-height-custom av-height-custom  container_wrap fullsize'  data-section-bg-repeat='stretch' data-av_minimum_height_px='350'><div class='container av-section-cont-open' style='height:350px'><main  role=\"main\" itemprop=\"mainContentOfPage\"  class='template-page content  av-content-full alpha units'><div class='post-entry post-entry-type-page post-entry-1179'><div class='entry-content-wrapper clearfix'>\n<\/div><\/div><\/main><!-- close content main element --><\/div><\/div><div id='av_section_2'  class='avia-section av-av_section-f716ba51e7bf82947c918c6ed882cb73 main_color avia-section-default avia-no-border-styling  avia-builder-el-1  el_after_av_section  avia-builder-el-last  avia-bg-style-scroll container_wrap fullsize'  ><div class='container av-section-cont-open' ><div class='template-page content  av-content-full alpha units'><div class='post-entry post-entry-type-page post-entry-1179'><div class='entry-content-wrapper clearfix'>\n\n<style type=\"text\/css\" data-created_by=\"avia_inline_auto\" id=\"style-css-av-av_one_full-907ecd7047394f4946d3756c9c17f364\">\n#top .flex_column.av-av_one_full-907ecd7047394f4946d3756c9c17f364{\nmargin-top:0px;\nmargin-bottom:0px;\n}\n.flex_column.av-av_one_full-907ecd7047394f4946d3756c9c17f364{\nwidth:100%;\npadding:0 0 0 0;\n}\n.responsive #top #wrap_all .flex_column.av-av_one_full-907ecd7047394f4946d3756c9c17f364{\nmargin-top:0px;\nmargin-bottom:0px;\n}\n<\/style>\n<div  class='flex_column av-av_one_full-907ecd7047394f4946d3756c9c17f364 av_one_full  avia-builder-el-2  el_before_av_one_full  avia-builder-el-first  first flex_column_div av-zero-column-padding  '     ><style type=\"text\/css\" data-created_by=\"avia_inline_auto\" id=\"style-css-av-lg5biomy-a0981d56f02312812f0a455395076a77\">\n#top .av-special-heading.av-lg5biomy-a0981d56f02312812f0a455395076a77{\npadding-bottom:10px;\n}\nbody .av-special-heading.av-lg5biomy-a0981d56f02312812f0a455395076a77 .av-special-heading-tag .heading-char{\nfont-size:25px;\n}\n.av-special-heading.av-lg5biomy-a0981d56f02312812f0a455395076a77 .av-subheading{\nfont-size:15px;\n}\n<\/style>\n<div  class='av-special-heading av-lg5biomy-a0981d56f02312812f0a455395076a77 av-special-heading-h1 blockquote modern-quote  avia-builder-el-3  avia-builder-el-no-sibling '><h1 class='av-special-heading-tag '  itemprop=\"headline\"  >Im\u00e1genes<\/h1><div class=\"special-heading-border\"><div class=\"special-heading-inner-border\"><\/div><\/div><\/div><\/div><div  class='flex_column av-av_one_full-7714eba142aeda1f8b5272a3c372b279 av_one_full  avia-builder-el-4  el_after_av_one_full  avia-builder-el-last  first flex_column_div  column-top-margin'     ><div id='av-masonry-1' class='av-masonry av-lg5bo9n7-6d1fa49b3bc85d7627d1cdc956f00dd9 noHover av-fixed-size av-large-gap av-hover-overlay-active av-masonry-animation- av-masonry-col-3 av-caption-always av-caption-style- av-masonry-gallery ' data-post_id=\"1179\"><div class=\"av-masonry-container isotope av-js-disabled\"><div class='av-masonry-entry isotope-item av-masonry-item-no-image '><\/div><a href=\"https:\/\/fernand-schwarz.fr\/wp-content\/uploads\/sites\/15\/2016\/07\/TV-Egypte.jpg\" data-srcset=\"https:\/\/fernand-schwarz.fr\/wp-content\/uploads\/sites\/15\/2016\/07\/TV-Egypte.jpg 860w, https:\/\/fernand-schwarz.fr\/wp-content\/uploads\/sites\/15\/2016\/07\/TV-Egypte-300x183.jpg 300w, https:\/\/fernand-schwarz.fr\/wp-content\/uploads\/sites\/15\/2016\/07\/TV-Egypte-768x468.jpg 768w, https:\/\/fernand-schwarz.fr\/wp-content\/uploads\/sites\/15\/2016\/07\/TV-Egypte-705x430.jpg 705w\" data-sizes=\"(max-width: 860px) 100vw, 860px\"  aria-label=\"image Fernand Schwarz TV Egypte\"  id='av-masonry-1-item-1093' data-av-masonry-item='1093' class='av-masonry-entry isotope-item post-1093 attachment type-attachment status-inherit hentry  av-masonry-item-with-image' title=\"Fernand Schwarz TV Egypte\" alt=\"\"    itemprop=\"thumbnailUrl\" ><div class='av-inner-masonry-sizer'><\/div><figure class='av-inner-masonry main_color'><div class=\"av-masonry-outerimage-container\"><div class='av-masonry-image-container' style=\"background-image: url(https:\/\/fernand-schwarz.fr\/wp-content\/uploads\/sites\/15\/2016\/07\/TV-Egypte-705x430.jpg);\"  title=\"Fernand Schwarz TV Egypte\" ><\/div><\/div><\/figure><\/a><!--end av-masonry entry--><a href=\"https:\/\/fernand-schwarz.fr\/wp-content\/uploads\/sites\/15\/2016\/05\/Conference-etranger.jpg\"  aria-label=\"image Conf\u00e9rencier \u00e0 l&#8217;\u00e9tranger\"  id='av-masonry-1-item-1091' data-av-masonry-item='1091' class='av-masonry-entry isotope-item post-1091 attachment type-attachment status-inherit hentry  av-masonry-item-with-image' title=\"Conf\u00e9rencier \u00e0 l&#8217;\u00e9tranger\" alt=\"\"    itemprop=\"thumbnailUrl\" ><div class='av-inner-masonry-sizer'><\/div><figure class='av-inner-masonry main_color'><div class=\"av-masonry-outerimage-container\"><div class='av-masonry-image-container' style=\"background-image: url(https:\/\/fernand-schwarz.fr\/wp-content\/uploads\/sites\/15\/2016\/05\/Conference-etranger.jpg);\"  title=\"Conf\u00e9rencier \u00e0 l&#8217;\u00e9tranger\" ><\/div><\/div><\/figure><\/a><!--end av-masonry entry--><a href=\"https:\/\/fernand-schwarz.fr\/wp-content\/uploads\/sites\/15\/2016\/07\/FS-Livre.jpg\"  aria-label=\"image Fernand Schwarz\"  id='av-masonry-1-item-1085' data-av-masonry-item='1085' class='av-masonry-entry isotope-item post-1085 attachment type-attachment status-inherit hentry  av-masonry-item-with-image' title=\"Fernand Schwarz\" alt=\"\"    itemprop=\"thumbnailUrl\" ><div class='av-inner-masonry-sizer'><\/div><figure class='av-inner-masonry main_color'><div class=\"av-masonry-outerimage-container\"><div class='av-masonry-image-container' style=\"background-image: url(https:\/\/fernand-schwarz.fr\/wp-content\/uploads\/sites\/15\/2016\/07\/FS-Livre.jpg);\"  title=\"Fernand Schwarz\" ><\/div><\/div><\/figure><\/a><!--end av-masonry entry--><a href=\"https:\/\/fernand-schwarz.fr\/wp-content\/uploads\/sites\/15\/2016\/07\/FS-Egypte-conf-copan.png\" data-srcset=\"https:\/\/fernand-schwarz.fr\/wp-content\/uploads\/sites\/15\/2016\/07\/FS-Egypte-conf-copan.png 600w, https:\/\/fernand-schwarz.fr\/wp-content\/uploads\/sites\/15\/2016\/07\/FS-Egypte-conf-copan-253x300.png 253w, https:\/\/fernand-schwarz.fr\/wp-content\/uploads\/sites\/15\/2016\/07\/FS-Egypte-conf-copan-595x705.png 595w\" data-sizes=\"(max-width: 600px) 100vw, 600px\"  aria-label=\"image Egypte conf\u00e9rence \u00e0 Copan\"  id='av-masonry-1-item-1095' data-av-masonry-item='1095' class='av-masonry-entry isotope-item post-1095 attachment type-attachment status-inherit hentry  av-masonry-item-with-image' title=\"Egypte conf\u00e9rence \u00e0 Copan\" alt=\"\"    itemprop=\"thumbnailUrl\" ><div class='av-inner-masonry-sizer'><\/div><figure class='av-inner-masonry main_color'><div class=\"av-masonry-outerimage-container\"><div class='av-masonry-image-container' style=\"background-image: url(https:\/\/fernand-schwarz.fr\/wp-content\/uploads\/sites\/15\/2016\/07\/FS-Egypte-conf-copan-595x705.png);\"  title=\"Egypte conf\u00e9rence \u00e0 Copan\" ><\/div><\/div><\/figure><\/a><!--end av-masonry entry--><a href=\"https:\/\/fernand-schwarz.fr\/wp-content\/uploads\/sites\/15\/2019\/12\/Colloque-Mumbai-F-Schwarz.jpg\"  aria-label=\"image Colloque-Mumbai-F-Schwarz\"  id='av-masonry-1-item-1115' data-av-masonry-item='1115' class='av-masonry-entry isotope-item post-1115 attachment type-attachment status-inherit hentry  av-masonry-item-with-image' title=\"Colloque-Mumbai-F-Schwarz\" alt=\"\"    itemprop=\"thumbnailUrl\" ><div class='av-inner-masonry-sizer'><\/div><figure class='av-inner-masonry main_color'><div class=\"av-masonry-outerimage-container\"><div class='av-masonry-image-container' style=\"background-image: url(https:\/\/fernand-schwarz.fr\/wp-content\/uploads\/sites\/15\/2019\/12\/Colloque-Mumbai-F-Schwarz.jpg);\"  title=\"Colloque-Mumbai-F-Schwarz\" ><\/div><\/div><\/figure><\/a><!--end av-masonry entry--><a href=\"https:\/\/fernand-schwarz.fr\/wp-content\/uploads\/sites\/15\/2015\/11\/FS-Cours-univ.jpg\" data-srcset=\"https:\/\/fernand-schwarz.fr\/wp-content\/uploads\/sites\/15\/2015\/11\/FS-Cours-univ.jpg 200w, https:\/\/fernand-schwarz.fr\/wp-content\/uploads\/sites\/15\/2015\/11\/FS-Cours-univ-80x80.jpg 80w, https:\/\/fernand-schwarz.fr\/wp-content\/uploads\/sites\/15\/2015\/11\/FS-Cours-univ-36x36.jpg 36w, https:\/\/fernand-schwarz.fr\/wp-content\/uploads\/sites\/15\/2015\/11\/FS-Cours-univ-180x180.jpg 180w\" data-sizes=\"(max-width: 200px) 100vw, 200px\"  aria-label=\"image Fernand Schwarz\"  id='av-masonry-1-item-1009' data-av-masonry-item='1009' class='av-masonry-entry isotope-item post-1009 attachment type-attachment status-inherit hentry  av-masonry-item-with-image' title=\"Fernand Schwarz\" alt=\"\"    itemprop=\"thumbnailUrl\" ><div class='av-inner-masonry-sizer'><\/div><figure class='av-inner-masonry main_color'><div class=\"av-masonry-outerimage-container\"><div class='av-masonry-image-container' style=\"background-image: url(https:\/\/fernand-schwarz.fr\/wp-content\/uploads\/sites\/15\/2015\/11\/FS-Cours-univ.jpg);\"  title=\"Fernand Schwarz\" ><\/div><\/div><\/figure><\/a><!--end av-masonry entry--><a href=\"https:\/\/fernand-schwarz.fr\/wp-content\/uploads\/sites\/15\/2016\/05\/FS-conference-diriger-par-valeurs.jpg\" data-srcset=\"https:\/\/fernand-schwarz.fr\/wp-content\/uploads\/sites\/15\/2016\/05\/FS-conference-diriger-par-valeurs.jpg 533w, https:\/\/fernand-schwarz.fr\/wp-content\/uploads\/sites\/15\/2016\/05\/FS-conference-diriger-par-valeurs-300x225.jpg 300w\" data-sizes=\"(max-width: 533px) 100vw, 533px\"  aria-label=\"image Conf\u00e9rence diriger par les valeurs\"  id='av-masonry-1-item-1005' data-av-masonry-item='1005' class='av-masonry-entry isotope-item post-1005 attachment type-attachment status-inherit hentry  av-masonry-item-with-image' title=\"Conf\u00e9rence diriger par les valeurs\" alt=\"\"    itemprop=\"thumbnailUrl\" ><div class='av-inner-masonry-sizer'><\/div><figure class='av-inner-masonry main_color'><div class=\"av-masonry-outerimage-container\"><div class='av-masonry-image-container' style=\"background-image: url(https:\/\/fernand-schwarz.fr\/wp-content\/uploads\/sites\/15\/2016\/05\/FS-conference-diriger-par-valeurs.jpg);\"  title=\"Conf\u00e9rence diriger par les valeurs\" ><\/div><\/div><\/figure><\/a><!--end av-masonry entry--><a href=\"https:\/\/fernand-schwarz.fr\/wp-content\/uploads\/sites\/15\/2015\/07\/Dedicace.jpg\" data-srcset=\"https:\/\/fernand-schwarz.fr\/wp-content\/uploads\/sites\/15\/2015\/07\/Dedicace.jpg 960w, https:\/\/fernand-schwarz.fr\/wp-content\/uploads\/sites\/15\/2015\/07\/Dedicace-300x125.jpg 300w, https:\/\/fernand-schwarz.fr\/wp-content\/uploads\/sites\/15\/2015\/07\/Dedicace-768x320.jpg 768w, https:\/\/fernand-schwarz.fr\/wp-content\/uploads\/sites\/15\/2015\/07\/Dedicace-705x294.jpg 705w\" data-sizes=\"(max-width: 960px) 100vw, 960px\"  aria-label=\"image Fernando Schwarz\"  id='av-masonry-1-item-953' data-av-masonry-item='953' class='av-masonry-entry isotope-item post-953 attachment type-attachment status-inherit hentry  av-masonry-item-with-image' title=\"Fernando Schwarz\" alt=\"\"    itemprop=\"thumbnailUrl\" ><div class='av-inner-masonry-sizer'><\/div><figure class='av-inner-masonry main_color'><div class=\"av-masonry-outerimage-container\"><div class='av-masonry-image-container' style=\"background-image: url(https:\/\/fernand-schwarz.fr\/wp-content\/uploads\/sites\/15\/2015\/07\/Dedicace-705x294.jpg);\"  title=\"Fernando Schwarz\" ><\/div><\/div><\/figure><\/a><!--end av-masonry entry--><a href=\"https:\/\/fernand-schwarz.fr\/wp-content\/uploads\/sites\/15\/2015\/07\/Fernando-Sokrates.jpg\" data-srcset=\"https:\/\/fernand-schwarz.fr\/wp-content\/uploads\/sites\/15\/2015\/07\/Fernando-Sokrates.jpg 960w, https:\/\/fernand-schwarz.fr\/wp-content\/uploads\/sites\/15\/2015\/07\/Fernando-Sokrates-300x114.jpg 300w, https:\/\/fernand-schwarz.fr\/wp-content\/uploads\/sites\/15\/2015\/07\/Fernando-Sokrates-768x292.jpg 768w, https:\/\/fernand-schwarz.fr\/wp-content\/uploads\/sites\/15\/2015\/07\/Fernando-Sokrates-705x268.jpg 705w, https:\/\/fernand-schwarz.fr\/wp-content\/uploads\/sites\/15\/2015\/07\/Fernando-Sokrates-845x321.jpg 845w\" data-sizes=\"(max-width: 960px) 100vw, 960px\"  aria-label=\"image Fernand Schwarz\"  id='av-masonry-1-item-963' data-av-masonry-item='963' class='av-masonry-entry isotope-item post-963 attachment type-attachment status-inherit hentry  av-masonry-item-with-image' title=\"Fernand Schwarz\" alt=\"\"    itemprop=\"thumbnailUrl\" ><div class='av-inner-masonry-sizer'><\/div><figure class='av-inner-masonry main_color'><div class=\"av-masonry-outerimage-container\"><div class='av-masonry-image-container' style=\"background-image: url(https:\/\/fernand-schwarz.fr\/wp-content\/uploads\/sites\/15\/2015\/07\/Fernando-Sokrates-705x268.jpg);\"  title=\"Fernand Schwarz\" ><\/div><\/div><\/figure><\/a><!--end av-masonry entry--><a href=\"https:\/\/fernand-schwarz.fr\/wp-content\/uploads\/sites\/15\/2016\/01\/Sacre-Camoufle-400.png\" data-srcset=\"https:\/\/fernand-schwarz.fr\/wp-content\/uploads\/sites\/15\/2016\/01\/Sacre-Camoufle-400.png 400w, https:\/\/fernand-schwarz.fr\/wp-content\/uploads\/sites\/15\/2016\/01\/Sacre-Camoufle-400-300x200.png 300w\" data-sizes=\"(max-width: 400px) 100vw, 400px\"  aria-label=\"image Le Sacr\u00e9 Camoufl\u00e9\"  id='av-masonry-1-item-971' data-av-masonry-item='971' class='av-masonry-entry isotope-item post-971 attachment type-attachment status-inherit hentry  av-masonry-item-with-image' title=\"Le Sacr\u00e9 Camoufl\u00e9\" alt=\"\"    itemprop=\"thumbnailUrl\" ><div class='av-inner-masonry-sizer'><\/div><figure class='av-inner-masonry main_color'><div class=\"av-masonry-outerimage-container\"><div class='av-masonry-image-container' style=\"background-image: url(https:\/\/fernand-schwarz.fr\/wp-content\/uploads\/sites\/15\/2016\/01\/Sacre-Camoufle-400.png);\"  title=\"Le Sacr\u00e9 Camoufl\u00e9\" ><\/div><\/div><\/figure><\/a><!--end av-masonry entry--><a href=\"https:\/\/fernand-schwarz.fr\/wp-content\/uploads\/sites\/15\/2016\/05\/Colloque-Platon-Marseille-7.jpg\" data-srcset=\"https:\/\/fernand-schwarz.fr\/wp-content\/uploads\/sites\/15\/2016\/05\/Colloque-Platon-Marseille-7.jpg 506w, https:\/\/fernand-schwarz.fr\/wp-content\/uploads\/sites\/15\/2016\/05\/Colloque-Platon-Marseille-7-300x225.jpg 300w\" data-sizes=\"(max-width: 506px) 100vw, 506px\"  aria-label=\"image Colloque Platon Marseille 7\"  id='av-masonry-1-item-1053' data-av-masonry-item='1053' class='av-masonry-entry isotope-item post-1053 attachment type-attachment status-inherit hentry  av-masonry-item-with-image' title=\"Colloque Platon Marseille 7\" alt=\"\"    itemprop=\"thumbnailUrl\" ><div class='av-inner-masonry-sizer'><\/div><figure class='av-inner-masonry main_color'><div class=\"av-masonry-outerimage-container\"><div class='av-masonry-image-container' style=\"background-image: url(https:\/\/fernand-schwarz.fr\/wp-content\/uploads\/sites\/15\/2016\/05\/Colloque-Platon-Marseille-7.jpg);\"  title=\"Colloque Platon Marseille 7\" ><\/div><\/div><\/figure><\/a><!--end av-masonry entry--><a href=\"https:\/\/fernand-schwarz.fr\/wp-content\/uploads\/sites\/15\/2016\/05\/Colloque-Platon-Marseille-4.jpg\" data-srcset=\"https:\/\/fernand-schwarz.fr\/wp-content\/uploads\/sites\/15\/2016\/05\/Colloque-Platon-Marseille-4.jpg 474w, https:\/\/fernand-schwarz.fr\/wp-content\/uploads\/sites\/15\/2016\/05\/Colloque-Platon-Marseille-4-300x170.jpg 300w\" data-sizes=\"(max-width: 474px) 100vw, 474px\"  aria-label=\"image Colloque Platon Marseille 4\"  id='av-masonry-1-item-1047' data-av-masonry-item='1047' class='av-masonry-entry isotope-item post-1047 attachment type-attachment status-inherit hentry  av-masonry-item-with-image' title=\"Colloque Platon Marseille 4\" alt=\"\"    itemprop=\"thumbnailUrl\" ><div class='av-inner-masonry-sizer'><\/div><figure class='av-inner-masonry main_color'><div class=\"av-masonry-outerimage-container\"><div class='av-masonry-image-container' style=\"background-image: url(https:\/\/fernand-schwarz.fr\/wp-content\/uploads\/sites\/15\/2016\/05\/Colloque-Platon-Marseille-4.jpg);\"  title=\"Colloque Platon Marseille 4\" ><\/div><\/div><\/figure><\/a><!--end av-masonry entry--><a href=\"https:\/\/fernand-schwarz.fr\/wp-content\/uploads\/sites\/15\/2016\/05\/Colloque-Platon-Marseille-6.jpg\" data-srcset=\"https:\/\/fernand-schwarz.fr\/wp-content\/uploads\/sites\/15\/2016\/05\/Colloque-Platon-Marseille-6.jpg 632w, https:\/\/fernand-schwarz.fr\/wp-content\/uploads\/sites\/15\/2016\/05\/Colloque-Platon-Marseille-6-300x199.jpg 300w\" data-sizes=\"(max-width: 632px) 100vw, 632px\"  aria-label=\"image Colloque Acad\u00e9mie Platon\"  id='av-masonry-1-item-1051' data-av-masonry-item='1051' class='av-masonry-entry isotope-item post-1051 attachment type-attachment status-inherit hentry  av-masonry-item-with-image' title=\"Colloque Acad\u00e9mie Platon\" alt=\"\"    itemprop=\"thumbnailUrl\" ><div class='av-inner-masonry-sizer'><\/div><figure class='av-inner-masonry main_color'><div class=\"av-masonry-outerimage-container\"><div class='av-masonry-image-container' style=\"background-image: url(https:\/\/fernand-schwarz.fr\/wp-content\/uploads\/sites\/15\/2016\/05\/Colloque-Platon-Marseille-6.jpg);\"  title=\"Colloque Acad\u00e9mie Platon\" ><\/div><\/div><\/figure><\/a><!--end av-masonry entry--><\/div><\/div><\/div>\n","protected":false},"excerpt":{"rendered":"","protected":false},"author":134,"featured_media":0,"parent":1175,"menu_order":0,"comment_status":"closed","ping_status":"closed","template":"","meta":{"footnotes":""},"class_list":["post-1179","page","type-page","status-publish","hentry"],"_links":{"self":[{"href":"https:\/\/fernand-schwarz.fr\/es\/wp-json\/wp\/v2\/pages\/1179","targetHints":{"allow":["GET"]}}],"collection":[{"href":"https:\/\/fernand-schwarz.fr\/es\/wp-json\/wp\/v2\/pages"}],"about":[{"href":"https:\/\/fernand-schwarz.fr\/es\/wp-json\/wp\/v2\/types\/page"}],"author":[{"embeddable":true,"href":"https:\/\/fernand-schwarz.fr\/es\/wp-json\/wp\/v2\/users\/134"}],"replies":[{"embeddable":true,"href":"https:\/\/fernand-schwarz.fr\/es\/wp-json\/wp\/v2\/comments?post=1179"}],"version-history":[{"count":1,"href":"https:\/\/fernand-schwarz.fr\/es\/wp-json\/wp\/v2\/pages\/1179\/revisions"}],"predecessor-version":[{"id":1180,"href":"https:\/\/fernand-schwarz.fr\/es\/wp-json\/wp\/v2\/pages\/1179\/revisions\/1180"}],"up":[{"embeddable":true,"href":"https:\/\/fernand-schwarz.fr\/es\/wp-json\/wp\/v2\/pages\/1175"}],"wp:attachment":[{"href":"https:\/\/fernand-schwarz.fr\/es\/wp-json\/wp\/v2\/media?parent=1179"}],"curies":[{"name":"wp","href":"https:\/\/api.w.org\/{rel}","templated":true}]}}