{"id":1153,"date":"2015-07-20T15:17:51","date_gmt":"2015-07-20T13:17:51","guid":{"rendered":"https:\/\/fernand-schwarz.asbl.foodle.co\/itinerario\/curriculum-vitae\/"},"modified":"2023-04-07T17:26:07","modified_gmt":"2023-04-07T15:26:07","slug":"curriculum-vitae","status":"publish","type":"page","link":"https:\/\/fernand-schwarz.fr\/es\/itinerario\/curriculum-vitae\/","title":{"rendered":"Curriculum Vitae"},"content":{"rendered":"\n<style type=\"text\/css\" data-created_by=\"avia_inline_auto\" id=\"style-css-av-x5glg-76a2b793295b5ef94b0bffbafa864732\">\n.avia-section.av-x5glg-76a2b793295b5ef94b0bffbafa864732{\nbackground-repeat:no-repeat;\nbackground-image:url(https:\/\/fernand-schwarz.fr\/wp-content\/uploads\/sites\/15\/2020\/11\/cropped-Fernand-Schwarz-Egypte-Banniere.jpg);\nbackground-position:50% 50%;\nbackground-attachment:scroll;\n}\n<\/style>\n<div id='av_section_1'  class='avia-section av-x5glg-76a2b793295b5ef94b0bffbafa864732 main_color avia-section-default avia-no-border-styling  avia-builder-el-0  el_before_av_section  avia-builder-el-first  avia-full-stretch avia-bg-style-scroll av-minimum-height av-minimum-height-custom av-height-custom  container_wrap fullsize'  data-section-bg-repeat='stretch' data-av_minimum_height_px='350'><div class='container av-section-cont-open' style='height:350px'><main  role=\"main\" itemprop=\"mainContentOfPage\"  class='template-page content  av-content-full alpha units'><div class='post-entry post-entry-type-page post-entry-1153'><div class='entry-content-wrapper clearfix'>\n<\/div><\/div><\/main><!-- close content main element --><\/div><\/div><div id='av_section_2'  class='avia-section av-r3m04-1d6663f30ac3cbe32ce4553113721fe2 main_color avia-section-default avia-no-border-styling  avia-builder-el-1  el_after_av_section  avia-builder-el-last  avia-bg-style-scroll container_wrap fullsize'  ><div class='container av-section-cont-open' ><div class='template-page content  av-content-full alpha units'><div class='post-entry post-entry-type-page post-entry-1153'><div class='entry-content-wrapper clearfix'>\n\n<style type=\"text\/css\" data-created_by=\"avia_inline_auto\" id=\"style-css-av-88dw-84c433b3dfb2b2148b7880a843b52331\">\n#top .flex_column.av-88dw-84c433b3dfb2b2148b7880a843b52331{\nmargin-top:0px;\nmargin-bottom:0px;\n}\n.flex_column.av-88dw-84c433b3dfb2b2148b7880a843b52331{\nwidth:100%;\npadding:0 0 0 0;\n}\n.responsive #top #wrap_all .flex_column.av-88dw-84c433b3dfb2b2148b7880a843b52331{\nmargin-top:0px;\nmargin-bottom:0px;\n}\n<\/style>\n<div  class='flex_column av-88dw-84c433b3dfb2b2148b7880a843b52331 av_one_full  avia-builder-el-2  el_before_av_two_third  avia-builder-el-first  first flex_column_div av-zero-column-padding  '     ><style type=\"text\/css\" data-created_by=\"avia_inline_auto\" id=\"style-css-av-lg59wle2-b8e1d63692067c2641b962c43934fa0a\">\n#top .av-special-heading.av-lg59wle2-b8e1d63692067c2641b962c43934fa0a{\npadding-bottom:10px;\n}\nbody .av-special-heading.av-lg59wle2-b8e1d63692067c2641b962c43934fa0a .av-special-heading-tag .heading-char{\nfont-size:25px;\n}\n.av-special-heading.av-lg59wle2-b8e1d63692067c2641b962c43934fa0a .av-subheading{\nfont-size:15px;\n}\n<\/style>\n<div  class='av-special-heading av-lg59wle2-b8e1d63692067c2641b962c43934fa0a av-special-heading-h1 blockquote modern-quote  avia-builder-el-3  avia-builder-el-no-sibling '><h1 class='av-special-heading-tag '  itemprop=\"headline\"  >Curriculum Vitae<\/h1><div class=\"special-heading-border\"><div class=\"special-heading-inner-border\"><\/div><\/div><\/div><\/div><div  class='flex_column av-fciis-07846f51962f9e53eabc00ae26dd7697 av_two_third  avia-builder-el-4  el_after_av_one_full  el_before_av_one_third  first flex_column_div  column-top-margin'     ><section  class='av_textblock_section av-lg59wzag-c8a1675994fb059cc417c5d1902ef134 '   itemscope=\"itemscope\" itemtype=\"https:\/\/schema.org\/CreativeWork\" ><div class='avia_textblock'  itemprop=\"text\" ><p>N\u00e9 le 4 juin 1951 \u00e0 Buenos Aires \u2013 Argentine<\/p>\n<p>Nationalit\u00e9 Suisse<\/p>\n<p>R\u00e9side \u00e0 Paris, en France, depuis de nombreuses ann\u00e9es<\/p>\n<h3>Itinerario<\/h3>\n<p>El Dr. Fernando Schwarz , ha dedicado los \u00faltimos treinta a\u00f1os a investigar las estructuras m\u00edticas y simb\u00f3licas tanto de las sociedades antiguas tradicionales como de las modernas.<\/p>\n<p>El fruto de sus estudios ha sido publicado en varias obras literarias y ha colaborado con la Televisi\u00f3n francesa como coautor de una serie de documentales internacionales difundidos en mas de veinte pa\u00edses.<\/p>\n<p>Colaborador activo de Museos, Academias y Universidades de varios pa\u00edses de Europa y de Am\u00e9rica Latina, organiza coloquios y c\u00edrculos de reflexi\u00f3n, imparte cursos y dicta conferencias sobre temas de Antropolog\u00eda, Filosof\u00eda, Historia de las Religiones y Civilizaciones tradicionales y modernas.<\/p>\n<p>Por otro lado, ha venido asesorando a numerosas empresas en varios pa\u00edses del mundo sobre la incidencia de la cultura en el comportamiento de los individuos dentro de una colectividad. Sus investigaciones y experiencias en ciencias sociales y empresariales, a trav\u00e9s del enfoque de la antropolog\u00eda bio-cultural de la empresa, permiten un enfoque \u00e9tico y humanista de la sociedad empresarial.<\/p>\n<h3>Estudios, cursados y reconocimientos academicos y universitarios<\/h3>\n<ul>\n<li>Licenciado de Filosof\u00eda (UBA)<\/li>\n<li>Licenciado de Historia del Arte (UBA)<\/li>\n<li>Diploma de Antropolog\u00eda (Escuela de antropolog\u00eda de Paris)<\/li>\n<li>Cruz de Plata de Artes, Ciencias y Letras de Par\u00eds<\/li>\n<li>Presidente Honorario del Instituto de Ciencias Interdisciplinares de Antropolog\u00eda (Universidad de San Jos\u00e9 \u2013 Brasil)<\/li>\n<\/ul>\n<h3>Otros :<\/h3>\n<ul>\n<li>Museolog\u00eda : restauraci\u00f3n y conservaci\u00f3n, por el Prof. Ferreiros D\u00edaz \u2013 Espa\u00f1a<\/li>\n<li>Egiptolog\u00eda por el Prof. Barguet, Universidad de Lyon III \u2013 Francia<\/li>\n<li>\u201cMa\u00eetre de Conf\u00e9rences\u201d, a la Universidad de Lyon III \u2013 Francia<\/li>\n<\/ul>\n<\/div><\/section><\/div><div  class='flex_column av-bqevo-81d0e7a9ebb03ee84745f8e5d64fb6ac av_one_third  avia-builder-el-6  el_after_av_two_third  avia-builder-el-last  flex_column_div  column-top-margin'     ><style type=\"text\/css\" data-created_by=\"avia_inline_auto\" id=\"style-css-av-lg59x4ki-f0b29ecb82fce7e638f328c559c32b4d\">\n.avia-image-container.av-lg59x4ki-f0b29ecb82fce7e638f328c559c32b4d img.avia_image{\nbox-shadow:none;\n}\n.avia-image-container.av-lg59x4ki-f0b29ecb82fce7e638f328c559c32b4d .av-image-caption-overlay-center{\ncolor:#ffffff;\n}\n<\/style>\n<div  class='avia-image-container av-lg59x4ki-f0b29ecb82fce7e638f328c559c32b4d av-styling- av-img-linked avia-align-center  avia-builder-el-7  avia-builder-el-no-sibling '   itemprop=\"image\" itemscope=\"itemscope\" itemtype=\"https:\/\/schema.org\/ImageObject\" ><div class=\"avia-image-container-inner\"><div class=\"avia-image-overlay-wrap\"><a href=\"https:\/\/fernand-schwarz.fr\/wp-content\/uploads\/sites\/15\/2015\/07\/conferenciante.jpg\" data-srcset=\"https:\/\/fernand-schwarz.fr\/wp-content\/uploads\/sites\/15\/2015\/07\/conferenciante.jpg 359w, https:\/\/fernand-schwarz.fr\/wp-content\/uploads\/sites\/15\/2015\/07\/conferenciante-300x222.jpg 300w\" data-sizes=\"(max-width: 359px) 100vw, 359px\" class='avia_image '  aria-label='Fernando Schwarz'><img decoding=\"async\" fetchpriority=\"high\" class='wp-image-951 avia-img-lazy-loading-not-951 avia_image ' src=\"https:\/\/fernand-schwarz.fr\/wp-content\/uploads\/sites\/15\/2015\/07\/conferenciante-300x222.jpg\" alt='' title='Fernando Schwarz'  height=\"222\" width=\"300\"  itemprop=\"thumbnailUrl\" srcset=\"https:\/\/fernand-schwarz.fr\/wp-content\/uploads\/sites\/15\/2015\/07\/conferenciante-300x222.jpg 300w, https:\/\/fernand-schwarz.fr\/wp-content\/uploads\/sites\/15\/2015\/07\/conferenciante.jpg 359w\" sizes=\"(max-width: 300px) 100vw, 300px\" \/><\/a><\/div><\/div><\/div><\/div>\n","protected":false},"excerpt":{"rendered":"","protected":false},"author":134,"featured_media":0,"parent":1149,"menu_order":0,"comment_status":"closed","ping_status":"closed","template":"","meta":{"footnotes":""},"class_list":["post-1153","page","type-page","status-publish","hentry"],"_links":{"self":[{"href":"https:\/\/fernand-schwarz.fr\/es\/wp-json\/wp\/v2\/pages\/1153","targetHints":{"allow":["GET"]}}],"collection":[{"href":"https:\/\/fernand-schwarz.fr\/es\/wp-json\/wp\/v2\/pages"}],"about":[{"href":"https:\/\/fernand-schwarz.fr\/es\/wp-json\/wp\/v2\/types\/page"}],"author":[{"embeddable":true,"href":"https:\/\/fernand-schwarz.fr\/es\/wp-json\/wp\/v2\/users\/134"}],"replies":[{"embeddable":true,"href":"https:\/\/fernand-schwarz.fr\/es\/wp-json\/wp\/v2\/comments?post=1153"}],"version-history":[{"count":3,"href":"https:\/\/fernand-schwarz.fr\/es\/wp-json\/wp\/v2\/pages\/1153\/revisions"}],"predecessor-version":[{"id":1214,"href":"https:\/\/fernand-schwarz.fr\/es\/wp-json\/wp\/v2\/pages\/1153\/revisions\/1214"}],"up":[{"embeddable":true,"href":"https:\/\/fernand-schwarz.fr\/es\/wp-json\/wp\/v2\/pages\/1149"}],"wp:attachment":[{"href":"https:\/\/fernand-schwarz.fr\/es\/wp-json\/wp\/v2\/media?parent=1153"}],"curies":[{"name":"wp","href":"https:\/\/api.w.org\/{rel}","templated":true}]}}